{"id":1118,"date":"2020-05-23T17:23:18","date_gmt":"2020-05-23T15:23:18","guid":{"rendered":"https:\/\/cardiohiit.be\/?page_id=1118"},"modified":"2024-01-14T17:17:49","modified_gmt":"2024-01-14T16:17:49","slug":"pourquoi-je-narrives-plus-a-maigrir","status":"publish","type":"page","link":"https:\/\/cardiohiit.be\/index.php\/articles\/pourquoi-je-narrives-plus-a-maigrir\/","title":{"rendered":"Pourquoi je N&rsquo;ARRIVES PLUS \u00e0 MAIGRIR ?"},"content":{"rendered":"<p>Lorsque vous d\u00e9cidez de suivre un r\u00e9gime de fa\u00e7on autonome, pourquoi le sch\u00e9ma est-il invariablement le m\u00eame ? Perte de poids rapide les premi\u00e8res semaines\u2026 puis surviennent fatigue et frustrations, abandon du r\u00e9gime et reprise des kilos perdus, voir plus !<\/p>\n<p>En prime, un sentiment&nbsp;d\u2019\u00e9chec et le d\u00e9but d\u2019un cercle vicieux : vous vous dites,&nbsp;encore et toujours, que le prochain sera enfin le bon !<\/p>\n<p><strong>Au final, le nouveau r\u00e9gime ne&nbsp;<\/strong><strong>fonctionne toujours pas. Vous emmagasinez toujours plus de poids<\/strong>&nbsp;! C\u2019est ce que l\u2019on appelle&nbsp;<strong>l\u2019effet yo-yo<\/strong>&nbsp;!!<\/p>\n<p>Mais&nbsp;quelles en sont les causes ?<\/p>\n<p><\/p>\n<h2><span style=\"color: #ff0000;\">1 \u2013 UNE RESTRICTION CALORIQUE&nbsp;EXCESSIVE<\/span><\/h2>\n<p><\/p>\n<p>L\u2019erreur la plus fr\u00e9quente, mais aussi la plus dangereuse pour votre sant\u00e9, est<strong>&nbsp;une r\u00e9duction&nbsp;trop importante et brutale des&nbsp;calories !<\/strong><\/p>\n<p>En effet,&nbsp;<strong>un r\u00e9gime propos\u00e9 dans un magazine ou trouv\u00e9 sur internet est bas\u00e9 sur des \u00ab&nbsp;menus types&nbsp;\u00bb qui ne sont pas du tout adapt\u00e9s \u00e0 votre propre m\u00e9tabolisme<\/strong>. Celui-ci doit prendre en compte votre \u00e2ge, votre sexe, votre poids, votre taille. Mais aussi vos d\u00e9penses \u00e9nerg\u00e9tiques (travail, activit\u00e9s sportives\u2026).<\/p>\n<p>Si vous travaillez dans un bureau et ne pratiquez aucun sport, vous n\u2019aurez pas le m\u00eame m\u00e9tabolisme qu\u2019un ma\u00e7on ou qu\u2019une personne pratiquant 5 heures de sport par semaine !&nbsp;De ce fait, le nombre de calories du dit r\u00e9gime sera soit trop important ou au contraire trop faible (ce qui est le plus souvent constat\u00e9 !).<\/p>\n<p>Dans le 1er cas, bien \u00e9videmment vous prendrez du poids\u2026 au lieu d\u2019en perdre ! Mais dans le 2e cas, si vous consommez moins de calories que n\u00e9cessite votre m\u00e9tabolisme, vous allez effectivement perdre rapidement du poids mais&nbsp;<strong>il s\u2019agira, en grande partie, d\u2019une perte de masse musculaire et hydrique<\/strong>&nbsp;<strong>au profit de la masse grasse<\/strong>. Ce qui n\u2019est pas le but recherch\u00e9 ! Vous br\u00fblerez moins de calories : sachez que le muscle est un gros consommateur de calories.<\/p>\n<p>De plus, votre silhouette ne para\u00eetra pas plus mince m\u00eame avec quelques kilos de moins !! Ceci est le 1er signe visible que le corps met en place lorsque vous lui imposez un \u00ab&nbsp;\u00e9tat de famine&nbsp;\u00bb lors d\u2019un r\u00e9gime&nbsp;<strong>sans le suivi d\u2019un professionnel<\/strong>&nbsp;!\u2026 mais il n\u2019est que le 1er maillon d\u2019une cascade de r\u00e9actions qui seront<strong>&nbsp;contre-productives pour votre perte de poids<\/strong>&nbsp;mais&nbsp;<strong>surtout tr\u00e8s dangereuse pour votre sant\u00e9<\/strong>&nbsp;comme vous le verrez dans les paragraphes suivants. C\u2019est pourquoi il est tr\u00e8s important de proc\u00e9der par pallier, sans restrictions excessives afin de&nbsp;p\u00e9renniser dans le temps la perte de poids acquise.<\/p>\n<p><\/p>\n<h2><span style=\"color: #ff0000;\">2 \u2013 UN RALENTISSEMENT DE VOTRE M\u00c9TABOLISME<\/span><\/h2>\n<p><\/p>\n<p>C\u2019est la&nbsp;<strong>cons\u00e9quence directe d\u2019une restriction calorique&nbsp;excessive !<\/strong><\/p>\n<p><img loading=\"lazy\" decoding=\"async\" class=\"wp-image-15493 aligncenter size-full\" src=\"https:\/\/cl-dietetique.com\/wp-content\/uploads\/2019\/07\/effet-yoyo-pourquoi.png\" sizes=\"auto, (min-width: 0px) and (max-width: 480px) 480px, (min-width: 481px) 700px, 100vw\" srcset=\"https:\/\/cl-dietetique.com\/wp-content\/uploads\/2019\/07\/effet-yoyo-pourquoi.png 700w, https:\/\/cl-dietetique.com\/wp-content\/uploads\/2019\/07\/effet-yoyo-pourquoi-480x422.png 480w\" alt=\"Effet yoyo pourquoi\" width=\"700\" height=\"615\"><\/p>\n<p><strong>Prenons un exemple<\/strong>&nbsp;: Votre organisme a besoin de 2000 kcal\/jour pour \u00eatre en pleine forme et parfaite sant\u00e9. Brusquement, vous ne lui en donnez plus que 1000.<\/p>\n<p>Dans un premier temps, il puisera les 1000 kcal manquantes dans les muscles, la graisse et l\u2019eau. Mais en premier lieu, ce sont les muscles qui en p\u00e2tiront. Puis il finira par s\u2019adapter pour ne fonctionner qu\u2019\u00e0 1000 Kcal\/jour :<strong>&nbsp;Il tournera au ralenti mettant \u00ab&nbsp;en veille&nbsp;\u00bb certaines fonctions de l\u2019organisme&nbsp;<\/strong>afin de pr\u00e9server celles qui sont vitales pour lui.<\/p>\n<p>En outre,&nbsp;<strong>une fois qu\u2019il se sera \u00ab&nbsp;adapt\u00e9&nbsp;\u00bb, vous ne perdrez plus de poids<\/strong>. Il faudra donc \u00e0 nouveau r\u00e9duire l\u2019apport calorique pour pouvoir esp\u00e9rer perdre&nbsp;encore des kilos suppl\u00e9mentaires et ainsi de suite !<\/p>\n<p>C\u2019est l\u00e0 le danger :&nbsp;<strong>plus vous vous rapprochez de votre m\u00e9tabolisme basal<\/strong>&nbsp;(c\u2019est-\u00e0-dire la d\u00e9pense d\u2019\u00e9nergie minimum quotidienne permettant \u00e0 l\u2019organisme de survivre),&nbsp;<strong>plus vous prenez des risques pour votre sant\u00e9<\/strong>. Sachez que m\u00eame au repos, votre corps consomme de l\u2019\u00e9nergie pour maintenir ses fonctions vitales (c\u0153ur, cerveau, respiration, digestion, maintien de la temp\u00e9rature corporelle etc\u2026).<\/p>\n<p>\u00c9l\u00e9ment \u00e9galement important \u00e0 noter\u2026 mais vous vous en \u00eates, sans doute, d\u00e9j\u00e0 rendu compte : votre m\u00e9tabolisme sera devenu tellement bas que&nbsp;<strong>d\u00e8s que vous ferez un petit \u00e9cart, aussi minime soit-il, l\u2019aiguille de votre balance fera, elle, le grand \u00e9cart<\/strong>&nbsp;!!<\/p>\n<p><\/p>\n<h2><span style=\"color: #ff0000;\">3 \u2013 UN D\u00c9R\u00c8GLEMENT HORMONAL<\/span><\/h2>\n<p><\/p>\n<p>Lorsque vous faites un r\u00e9gime trop strict, un autre danger que l\u2019on rencontre souvent est un d\u00e9r\u00e8glement hormonal.<\/p>\n<p>En effet, comme dit pr\u00e9c\u00e9demment, le fait de cr\u00e9er un \u00ab&nbsp;\u00e9tat de famine&nbsp;\u00bb permanent va donner l\u2019alerte \u00e0 votre organisme de mettre en veille certains \u00ab&nbsp;besoins annexes&nbsp;\u00bb et venir<strong>&nbsp;perturber votre syst\u00e8me endocrinien (ensemble des glandes secr\u00e9tant les hormones)\u2026 Et les hormones, c\u2019est tr\u00e8s important ! Ce sont elles qui r\u00e9gulent et contr\u00f4lent les diverses fonctions de votre organisme.&nbsp;<\/strong><\/p>\n<p>Pour certaines personnes qui suivent des r\u00e9gimes drastiques \u00e0 r\u00e9p\u00e9tition depuis de nombreuses ann\u00e9es, on en arrive m\u00eame souvent \u00e0 un \u00ab&nbsp;effondrement&nbsp;\u00bb du syst\u00e8me hormonal&nbsp;<strong>avec des cons\u00e9quences dramatiques pour la sant\u00e9<\/strong>&nbsp;:<\/p>\n<ul>\n<li>prise de poids importante,<\/li>\n<li>troubles du sommeil,<\/li>\n<li>fatigue chronique,<\/li>\n<li>d\u00e9pression,<\/li>\n<li>libido \u00e0 z\u00e9ro,<\/li>\n<li>faiblesse du syst\u00e8me immunitaire\u2026<\/li>\n<\/ul>\n<p>De plus, comme&nbsp;<strong>ce manque de nutriments va cr\u00e9er un stress important<\/strong>, votre organisme va secr\u00e9ter beaucoup de cortisol (hormone du stress) qui entra\u00eenera une difficult\u00e9 \u00e0 perdre du poids, une prise de graisse et de la r\u00e9tention d\u2019eau au niveau abdominal.<\/p>\n<p>Une autre hormone a une influence importante directe sur la prise de poids et la sensation de faim :&nbsp;<strong>la leptine (aussi appel\u00e9e l\u2019hormone de sati\u00e9t\u00e9).<\/strong><\/p>\n<p>Lorsque vous faites des r\u00e9gimes trop drastiques et donc hypocaloriques, vous faites baisser votre taux de leptine qui n\u2019enverra plus de message de \u00ab&nbsp;satiet\u00e9&nbsp;\u00bb \u00e0 votre cerveau d\u2019o\u00f9 ce&nbsp;<strong>sentiment d\u2019avoir toujours faim : crises de boulimies ou fringales assur\u00e9es !&nbsp;<\/strong><\/p>\n<p>Un niveau bas de leptine entra\u00eenera \u00e9galement un ralentissement de votre m\u00e9tabolisme et vous stockerez plus de graisse !!\u2026 et voil\u00e0, pour sch\u00e9matiser, on peut dire que \u00ab&nbsp;la boucle est boucl\u00e9e&nbsp;\u00bb !!<\/p>\n<p><\/p>\n<h2><span style=\"color: #ff0000;\">4 \u2013 CARENCES, FATIGUE ET FRUSTRATIONS POUSSENT A L\u2019ARR\u00caT SOUVENT BRUTAL DU R\u00c9GIME<\/span><\/h2>\n<p><\/p>\n<p><img loading=\"lazy\" decoding=\"async\" class=\"wp-image-12603 alignright\" src=\"https:\/\/cl-dietetique.com\/wp-content\/uploads\/2018\/09\/regime-et-carences-300x207.jpg\" sizes=\"auto, (max-width: 404px) 100vw, 404px\" srcset=\"https:\/\/cl-dietetique.com\/wp-content\/uploads\/2018\/09\/regime-et-carences-300x207.jpg 300w, https:\/\/cl-dietetique.com\/wp-content\/uploads\/2018\/09\/regime-et-carences-150x104.jpg 150w, https:\/\/cl-dietetique.com\/wp-content\/uploads\/2018\/09\/regime-et-carences.jpg 500w\" alt=\"R\u00e9gime et carences\" width=\"404\" height=\"279\">Plus vous consommez de calories et plus vous avez de chance de combler vos besoins en macro et micronutriments.<\/p>\n<p>C\u2019est pourquoi&nbsp;<strong>un r\u00e9gime trop restrictif et faible en calories entra\u00eene souvent des carences<\/strong>&nbsp;donc de la fatigue et tr\u00e8s souvent un arr\u00eat brutal du r\u00e9gime !<\/p>\n<p><strong>Il est donc essentiel durant une p\u00e9riode de d\u00e9ficit calorique de consommer des aliments entiers, sains et nutritifs<\/strong>. Cela vous permettra de perdre du poids tout en gardant forme et sant\u00e9.<\/p>\n<p>Bannissez la \u00ab&nbsp;Junk Food&nbsp;\u00bb (pizza, fast food, charcuteries, soda\u2026) qui ne vous apportent que des \u00ab&nbsp;calories vides&nbsp;\u00bb (\u00e0 savoir aucune valeur nutritionnelle) mais \u00e9galement aucun effet de sati\u00e9t\u00e9 (1h apr\u00e8s votre repas, vous aurez de nouveau faim !).<\/p>\n<p><strong>Privil\u00e9giez une alimentation non transform\u00e9e<\/strong>&nbsp;faisant la part belle aux poissons, viandes blanches, l\u00e9gumineuses, l\u00e9gumes et fruits pour un apport en nutriments essentiels et en fibres pour un effet sati\u00e9tog\u00e8ne.&nbsp;<strong>Un repas \u00ab&nbsp;libre&nbsp;\u00bb de temps en temps n\u2019est pas \u00e0 exclure pour \u00e9viter la frustration<\/strong>&nbsp;mais aussi relancer votre m\u00e9tabolisme !<\/p>\n<p><\/p>\n<h2><span style=\"color: #ff0000;\">5 \u2013 AXER VOTRE OBJECTIF DE PERTE DE POIDS EN MISANT TOUT SUR L\u2019ALIMENTATION ET EN N\u00c9GLIGEANT L\u2019ACTIVIT\u00c9 PHYSIQUE<\/span><\/h2>\n<p><\/p>\n<p>Si vous avez une alimentation saine, c\u2019est d\u00e9j\u00e0 beaucoup ! Mais<strong>&nbsp;il ne faut absolument pas n\u00e9gliger l\u2019activit\u00e9 physique qui est l\u2019un des piliers d\u2019une bonne sant\u00e9<\/strong>&nbsp;et de votre bonne humeur&nbsp;<strong>mais aussi un alli\u00e9 essentiel de votre perte de poids<\/strong>&nbsp;!<\/p>\n<p>Les raisons ?<\/p>\n<ul>\n<li>Gagner de la masse musculaire et affiner votre silhouette.<\/li>\n<li>Augmenter votre m\u00e9tabolisme et br\u00fbler donc plus de calories.<\/li>\n<li>Renforcer l\u2019aspect tonique de votre peau pour \u00e9viter les effets de \u00ab&nbsp;peau distendue&nbsp;\u00bb apr\u00e8s r\u00e9gime !<\/li>\n<\/ul>\n<p><img loading=\"lazy\" decoding=\"async\" class=\"alignleft wp-image-14637\" src=\"https:\/\/cl-dietetique.com\/wp-content\/uploads\/2018\/09\/blog-remise-en-forme-cl-dietetique.jpeg\" alt=\"R\u00e9gime et activit\u00e9 physique\" width=\"400\" height=\"267\">Sans parler de tous&nbsp;<strong>les autres b\u00e9n\u00e9fices qu\u2019apporte la pratique d\u2019un sport<\/strong>&nbsp;: meilleure sant\u00e9 cardiovasculaire, renforcement du capital osseux, meilleure mobilit\u00e9 articulaire, am\u00e9lioration du transit\u2026<\/p>\n<p>L\u2019activit\u00e9 physique est \u00e9galement source de bien-\u00eatre g\u00e9n\u00e9rale, favorise le sommeil et cr\u00e9e parfois des liens sociaux !<\/p>\n<p><strong>Il est aussi important de ne pas pratiquer qu\u2019une seule activit\u00e9 physique<\/strong>&nbsp;qui aura tendance \u00e0 n\u2019utiliser qu\u2019un groupe de muscles. La meilleure combinaison est d\u2019<strong>associer cardio-training et renforcement musculaire<\/strong>&nbsp;de l\u2019ensemble du corps.<\/p>\n<p>Sachez que du cardio-training (comme le footing par exemple) pratiqu\u00e9 exclusivement et de fa\u00e7on trop intensive vous fera perdre du poids rapidement mais favorisera la fonte musculaire.<\/p>\n<p>Si vous n\u2019\u00eates pas une \u00ab&nbsp;dingue&nbsp;\u00bb de sport, il suffit de commencer doucement par, ne serait-ce que 30 minutes de marche un peu rapide chaque jour, quelques aller-retours de bassin \u00e0 la piscine 2 ou 3 fois par semaine etc\u2026<\/p>\n<p>L\u2019essentiel est de bouger et d\u2019augmenter la dur\u00e9e et l\u2019intensit\u00e9 au fil du temps !<\/p>\n<p><\/p>\n<h2><span style=\"color: #ff0000;\">6 \u2013 UN MANQUE DE SOMMEIL ET\/OU DE REPOS<\/span><\/h2>\n<p><\/p>\n<p>Le sommeil (mais aussi le repos) sont tr\u00e8s importants tant pour votre sant\u00e9 physique que mentale.<\/p>\n<p>En effet&nbsp;<strong>beaucoup de fonctions de votre corps sont r\u00e9gul\u00e9es ou \u00ab&nbsp;r\u00e9par\u00e9es&nbsp;\u00bb lorsque vous dormez<\/strong>.<\/p>\n<p>Savez-vous que selon les scientifiques, 2 nuits sans un nombre suffisant d\u2019heures de sommeil suffisent \u00e0 d\u00e9r\u00e9gler votre horloge biologique et bouleverser le fonctionnement de votre organisme ? L\u00e0 aussi les hormones ont leurs r\u00f4les \u00e0 jouer !<\/p>\n<p>Et il y a notamment 2 hormones essentielles qui contr\u00f4lent la faim et donc la prise de poids :<\/p>\n<ul>\n<li><strong>La ghr\u00e9line<\/strong>&nbsp;(hormone de la faim) : Elle stimule l\u2019app\u00e9tit, et le manque de sommeil ou la fatigue augmente les taux de ghr\u00e9line. Ce qui se traduit par une plus grande sensation de faim avec une attirance particuli\u00e8re pour les aliments sucr\u00e9s. C\u2019est pourquoi lorsque vous avez un petit \u00ab&nbsp;coup de pompe&nbsp;\u00bb, vous avez souvent envie de grignoter : votre organisme a besoin d\u2019\u00e9nergie ! Un taux \u00e9lev\u00e9 de ghr\u00e9line favorise \u00e9galement l\u2019accumulation de graisse abdominale avec une augmentation des risques de r\u00e9sistance \u00e0 l\u2019insuline.<\/li>\n<\/ul>\n<ul>\n<li><strong>La leptine<\/strong>&nbsp;(hormone de sati\u00e9t\u00e9, d\u00e9j\u00e0 cit\u00e9e dans le 3e paragraphe) : Elle joue un r\u00f4le important dans la r\u00e9gulation de votre app\u00e9tit. C\u2019est elle qui signale \u00e0 votre cerveau que vous avez suffisamment mang\u00e9 ! Or le manque de sommeil entra\u00eene une baisse du taux de leptine.<\/li>\n<\/ul>\n<p><strong>R\u00e9sultat : vous avez encore et toujours faim et vous prenez du poids !<\/strong><\/p>\n<p><\/p>\n<h2><span style=\"color: #ff0000;\">7 \u2013 NE PAS BOIRE SUFFISAMMENT (D\u2019EAU)<\/span><\/h2>\n<p><\/p>\n<p><img loading=\"lazy\" decoding=\"async\" class=\"wp-image-12601 alignright\" src=\"https:\/\/cl-dietetique.com\/wp-content\/uploads\/2018\/09\/regime-et-hydratation.jpeg\" sizes=\"auto, (max-width: 251px) 100vw, 251px\" srcset=\"https:\/\/cl-dietetique.com\/wp-content\/uploads\/2018\/09\/regime-et-hydratation.jpeg 400w, https:\/\/cl-dietetique.com\/wp-content\/uploads\/2018\/09\/regime-et-hydratation-100x150.jpeg 100w, https:\/\/cl-dietetique.com\/wp-content\/uploads\/2018\/09\/regime-et-hydratation-200x300.jpeg 200w\" alt=\"R\u00e9gime et hydratation\" width=\"251\" height=\"376\">L\u2019eau c\u2019est la vie !<strong>&nbsp;Notre corps est compos\u00e9 \u00e0 plus de 60% d\u2019eau et elle rentre dans de nombreuses r\u00e9actions physiologiques<\/strong>.<\/p>\n<p>Lorsque vous avez soif, il est d\u00e9j\u00e0 trop tard : vous \u00eates d\u00e9j\u00e0 en \u00e9tat de d\u00e9shydratation. C\u2019est pourquoi, il est tr\u00e8s important de boire tout au long de la journ\u00e9e.<\/p>\n<p><strong>Savez-vous qu\u2019un d\u00e9ficit de 2% d\u2019eau dans l\u2019organisme peut entra\u00eener une baisse de vos capacit\u00e9s de l\u2019ordre de 20%<\/strong>&nbsp;!<\/p>\n<p>Il faudrait boire, suivant les individus, entre 1,5 et 2 L. d\u2019eau par jour pour compenser vos pertes (urines, selles, transpiration\u2026). N\u2019oubliez pas \u00e9galement que les fruits et l\u00e9gumes sont gorg\u00e9s d\u2019eau et qu\u2019ils participent \u00e9galement \u00e0 vos apports. Alors bien s\u00fbr, l\u2019eau ne fait pas maigrir mais elle peut contribuer \u00e0 maintenir votre poids de forme :<\/p>\n<ul>\n<li>Facilite le transit et aide \u00e0 \u00e9liminer d\u00e9chets et toxines. Donc moins de sensation de lourdeur et ballonnements.<\/li>\n<li>Augmente votre m\u00e9tabolisme de base.<\/li>\n<li>Aide \u00e0 la d\u00e9gradation des graisses : La&nbsp;lipolyse&nbsp;(l\u2019utilisation des graisses par le corps)&nbsp;est augment\u00e9e lorsque le corps est bien hydrat\u00e9.<\/li>\n<li>Moins de fatigue et donc plus en forme pour pratiquer une activit\u00e9 sportive par exemple.<\/li>\n<li>Aide au maintien de la masse musculaire et une meilleure r\u00e9cup\u00e9ration lors d\u2019activit\u00e9s sportives\u2026 et comme vous devez le savoir maintenant, le muscle consomme des calories en augmentant votre m\u00e9tabolisme !<\/li>\n<li>Effet \u00ab&nbsp;coupe-faim&nbsp;\u00bb : Boire 1 ou 2 verres d\u2019eau 1\/2 heure avant les repas permet de moins manger.<\/li>\n<\/ul>\n<p>Vous l\u2019aurez compris,&nbsp;<strong>pour perdre du poids durablement et sans risque pour la sant\u00e9<\/strong>, il suffit parfois de quelques r\u00e8gles de bon sens, avoir une bonne hygi\u00e8ne de vie et&nbsp;<strong>\u00eatre accompagn\u00e9e par un professionnel<\/strong>&nbsp;!<\/p>\n\n\n<p><\/p>\n","protected":false},"excerpt":{"rendered":"<p>Lorsque vous d\u00e9cidez de suivre un r\u00e9gime de fa\u00e7on autonome, pourquoi le sch\u00e9ma est-il invariablement le m\u00eame ? Perte de poids rapide les premi\u00e8res semaines\u2026 puis surviennent fatigue et frustrations, abandon du r\u00e9gime et reprise des kilos perdus, voir plus ! En prime, un sentiment&nbsp;d\u2019\u00e9chec et le d\u00e9but d\u2019un cercle vicieux : vous vous dites,&nbsp;encore [&hellip;]<\/p>\n","protected":false},"author":2,"featured_media":0,"parent":996,"menu_order":0,"comment_status":"closed","ping_status":"closed","template":"","meta":{"footnotes":""},"simple-restrict-permission":[],"class_list":["post-1118","page","type-page","status-publish","hentry"],"_links":{"self":[{"href":"https:\/\/cardiohiit.be\/index.php\/wp-json\/wp\/v2\/pages\/1118","targetHints":{"allow":["GET"]}}],"collection":[{"href":"https:\/\/cardiohiit.be\/index.php\/wp-json\/wp\/v2\/pages"}],"about":[{"href":"https:\/\/cardiohiit.be\/index.php\/wp-json\/wp\/v2\/types\/page"}],"author":[{"embeddable":true,"href":"https:\/\/cardiohiit.be\/index.php\/wp-json\/wp\/v2\/users\/2"}],"replies":[{"embeddable":true,"href":"https:\/\/cardiohiit.be\/index.php\/wp-json\/wp\/v2\/comments?post=1118"}],"version-history":[{"count":5,"href":"https:\/\/cardiohiit.be\/index.php\/wp-json\/wp\/v2\/pages\/1118\/revisions"}],"predecessor-version":[{"id":2702,"href":"https:\/\/cardiohiit.be\/index.php\/wp-json\/wp\/v2\/pages\/1118\/revisions\/2702"}],"up":[{"embeddable":true,"href":"https:\/\/cardiohiit.be\/index.php\/wp-json\/wp\/v2\/pages\/996"}],"wp:attachment":[{"href":"https:\/\/cardiohiit.be\/index.php\/wp-json\/wp\/v2\/media?parent=1118"}],"wp:term":[{"taxonomy":"simple-restrict-permission","embeddable":true,"href":"https:\/\/cardiohiit.be\/index.php\/wp-json\/wp\/v2\/simple-restrict-permission?post=1118"}],"curies":[{"name":"wp","href":"https:\/\/api.w.org\/{rel}","templated":true}]}}