{"id":1188,"date":"2020-05-25T17:01:53","date_gmt":"2020-05-25T15:01:53","guid":{"rendered":"https:\/\/cardiohiit.be\/?page_id=1188"},"modified":"2024-09-27T16:58:49","modified_gmt":"2024-09-27T14:58:49","slug":"mabonner","status":"publish","type":"page","link":"https:\/\/cardiohiit.be\/index.php\/mabonner\/","title":{"rendered":"CHOISIR MON ACC\u00c9S"},"content":{"rendered":"\n<p class=\"has-white-color has-text-color\">a<\/p>\n\n\n\n<p class=\"has-text-align-center has-vivid-cyan-blue-color has-text-color\" style=\"font-size:22px\"><strong>SI CE N&rsquo;EST PAS D\u00c9J\u00c0 FAIT &#8230;<\/strong><\/p>\n\n\n\n<p class=\"has-text-align-center has-white-color has-black-background-color has-text-color has-background\" style=\"font-size:22px\"><strong>\u2705  INSCRIS-TOI d&rsquo;abord<\/strong> !<\/p>\n\n\n\n<p class=\"has-text-align-center\" style=\"font-size:26px\"><div class=\"su-button-center\"><a href=\"https:\/\/cardiohiit.be\/index.php\/senregistrer\/\" class=\"su-button su-button-style-flat init-animate zoomIn btn btn-primary btn-reverse\" style=\"color:#000000;background-color:#fff80d;border-color:#ccc70b;border-radius:50px\" target=\"_self\"><span style=\"color:#000000;padding:0px 24px;font-size:18px;line-height:36px;border-color:#fffb56;border-radius:50px;text-shadow:0px 0px 0px #000000\"> Je m&rsquo;inscris !<\/span><\/a><\/div>\n\n\n\n<p class=\"has-white-color has-text-color\">a<\/p>\n\n\n\n<p class=\"has-white-color has-text-color\">a<\/p>\n\n\n\n<p class=\"has-text-align-center has-vivid-cyan-blue-color has-text-color\" style=\"font-size:22px\"><strong>ENSUITE<\/strong> &#8230;<\/p>\n\n\n\n<p class=\"has-text-align-center has-white-color has-black-background-color has-text-color has-background\" style=\"font-size:22px\">\u2705  <strong>CHOISIS la dur\u00e9e de TON ACC\u00c9S<\/strong> !<br>(\u00e0 volont\u00e9) !<\/p>\n\n\n\n<p class=\"has-text-align-center has-white-color has-vivid-red-background-color has-text-color has-background\" style=\"font-size:26px\"><strong>1 MOIS <\/strong>\/<strong> 20\u20ac<\/strong><\/p>\n\n\n\n<p class=\"has-text-align-center has-white-color has-luminous-vivid-amber-background-color has-text-color has-background\" style=\"font-size:26px\"><strong>2 MOIS<\/strong> \/ <strong>40\u20ac<\/strong><br><strong><strong>+ 1 MOIS GRATUIT<\/strong><\/strong><\/p>\n\n\n\n<p class=\"has-text-align-center has-white-color has-vivid-green-cyan-background-color has-text-color has-background\" style=\"font-size:26px\"><strong>6 MOIS<\/strong> \/ <strong>120\u20ac<\/strong><br><strong><strong>+ 6 MOIS GRATUITS<\/strong><\/strong><\/p>\n\n\n\n<p class=\"has-white-color has-text-color\">a<\/p>\n\n\n\n<p class=\"has-text-align-center has-vivid-cyan-blue-color has-text-color\" style=\"font-size:22px\"><strong>PUIS &#8230;<\/strong><\/p>\n\n\n\n<p class=\"has-text-align-center has-white-color has-black-background-color has-text-color has-background\" style=\"font-size:22px\">\u2705  <strong>VERSE<\/strong> le MONTANT CHOISI !<\/p>\n\n\n\n<p class=\"has-text-align-center has-vivid-red-color has-text-color\" style=\"font-size:21px\"><strong>sur le compte <\/strong>:<\/p>\n\n\n\n<p class=\"has-text-align-center has-vivid-red-color has-text-color\" style=\"font-size:18px\"><strong>Pascal Garnier, BE81 7765 9940 4224<\/strong><\/p>\n\n\n\n<p class=\"has-text-align-center\" style=\"font-size:12px\">Codes BIC (si payement international): GKCCBEBB<\/p>\n\n\n\n<p class=\"has-text-align-center\">avec en com: <strong>NOM<\/strong>, <strong>PR\u00c9NOM<\/strong><\/p>\n\n\n\n<p class=\"has-text-align-center has-vivid-red-color has-text-color\" style=\"font-size:21px\">Nous activerons ton Acc\u00e8s<br>d\u00e8s r\u00e9ception de ton payement !<\/p>\n\n\n\n<p class=\"has-text-align-center\" style=\"font-size:12px\">\ud83d\ude1c&nbsp; <strong>Si tu veux ton acc\u00e8s plus rapide,<\/strong> <strong>envoie-moi une <\/strong><br><strong>capture d&rsquo;\u00e9cran<\/strong> <strong>de ton payement<\/strong> <strong>sur messenger<\/strong><\/p>\n\n\n\n<p class=\"has-text-align-center has-vivid-cyan-blue-color has-text-color\"><a href=\"https:\/\/www.facebook.com\/pascal.garnier.735\">Pascal Garnier Cardio Hiit<\/a> <strong>!<\/strong><\/p>\n\n\n\n<p class=\"has-white-color has-text-color\">A<\/p>\n\n\n\n<p class=\"has-white-color has-text-color\">a<\/p>\n\n\n\n<p class=\"has-white-color has-text-color\">a<\/p>\n\n\n\n<p class=\"has-text-color\" style=\"color:#ffffff\">aaa<\/p>\n\n\n\n<div class=\"wp-block-group\"><div class=\"wp-block-group__inner-container is-layout-flow wp-block-group-is-layout-flow\"><\/div><\/div>\n","protected":false},"excerpt":{"rendered":"<p>3 JOURS GRATUIT !<\/p>\n","protected":false},"author":2,"featured_media":0,"parent":0,"menu_order":0,"comment_status":"closed","ping_status":"closed","template":"","meta":{"footnotes":""},"simple-restrict-permission":[],"class_list":["post-1188","page","type-page","status-publish","hentry"],"_links":{"self":[{"href":"https:\/\/cardiohiit.be\/index.php\/wp-json\/wp\/v2\/pages\/1188","targetHints":{"allow":["GET"]}}],"collection":[{"href":"https:\/\/cardiohiit.be\/index.php\/wp-json\/wp\/v2\/pages"}],"about":[{"href":"https:\/\/cardiohiit.be\/index.php\/wp-json\/wp\/v2\/types\/page"}],"author":[{"embeddable":true,"href":"https:\/\/cardiohiit.be\/index.php\/wp-json\/wp\/v2\/users\/2"}],"replies":[{"embeddable":true,"href":"https:\/\/cardiohiit.be\/index.php\/wp-json\/wp\/v2\/comments?post=1188"}],"version-history":[{"count":198,"href":"https:\/\/cardiohiit.be\/index.php\/wp-json\/wp\/v2\/pages\/1188\/revisions"}],"predecessor-version":[{"id":4343,"href":"https:\/\/cardiohiit.be\/index.php\/wp-json\/wp\/v2\/pages\/1188\/revisions\/4343"}],"wp:attachment":[{"href":"https:\/\/cardiohiit.be\/index.php\/wp-json\/wp\/v2\/media?parent=1188"}],"wp:term":[{"taxonomy":"simple-restrict-permission","embeddable":true,"href":"https:\/\/cardiohiit.be\/index.php\/wp-json\/wp\/v2\/simple-restrict-permission?post=1188"}],"curies":[{"name":"wp","href":"https:\/\/api.w.org\/{rel}","templated":true}]}}